{"id":375,"date":"2015-08-19T19:35:35","date_gmt":"2015-08-19T19:35:35","guid":{"rendered":"https:\/\/casagold.com.ar\/casa\/?page_id=375"},"modified":"2026-04-06T13:14:01","modified_gmt":"2026-04-06T13:14:01","slug":"caracteristicas-tecnicas","status":"publish","type":"page","link":"https:\/\/casagold.com.ar\/casa\/caracteristicas-tecnicas\/","title":{"rendered":"CARACTERISTICAS TECNICAS"},"content":{"rendered":"\n<p><strong>Detalles de Paredes Exteriores<\/strong> <\/p>\n\n\n\n<p>Con estructura de madera nacional semidura (PinoParan\u00e1) de 1\u201d x 3\u201d cerrado interiormente con placa de yeso y un dispositivo especial para la colocaci\u00f3n de ladrillos de 0,15. Con la provisi\u00f3n de los mismos.<br><\/p>\n\n\n\n<p><strong>Detalle de Paredes Divisorias<\/strong> <\/p>\n\n\n\n<p>Revestida en placa de yeso (ambos lados). Con estructura de madera semidura de 1\u201d x 3\u201d.<br><\/p>\n\n\n\n<p><strong>Aberturas:<\/strong> puerta de frente aluminio blanco. Ventanas de frente de aluminio blanco<br>corredizas, ventanas traseras de aluminio blanco corredizas, ventiluz aluminio blanco<br>corredizo, puertas interiores placa. (no incluye manijas)<br><\/p>\n\n\n\n<p><strong>Barrera Hidr\u00f3fuga:<\/strong> constituido en todos los paneles perimetrales de la vivienda,<br>(barrera de vapor)<br><\/p>\n\n\n\n<p><strong>Instalaci\u00f3n El\u00e9ctrica:<\/strong> compuesta por ca\u00f1os, cajas de PVC, distribuidos y embutidos<br>en todos los paneles de la vivienda como as\u00ed tambi\u00e9n en galer\u00edas y porche.<br><\/p>\n\n\n\n<p><strong>Cielorrasos:<\/strong> integrales en madera nacional de \u00bd \u201c, con estructura de madera<br>semidura de 1\u201d x 2\u201d.<br><\/p>\n\n\n\n<p><strong>Techo:<\/strong> cabreada estructurales de madera nacional semidura de 2\u201d x 3\u201d y<br>ensamblados en forma especial con parantes de refuerzo. Los mojinetes se<br>encuentran machimbrados en madera nacional. Con un entablado de 3\u201d x 1\u201d para<br>mejor anclaje de las chapas del techo, las cuales son acanaladas marca Cincalum<br>(Cinc y Aluminio). Con cumbreras met\u00e1licas galvanizadas.<\/p>\n","protected":false},"excerpt":{"rendered":"<p>Detalles de Paredes Exteriores Con estructura de madera nacional semidura (PinoParan\u00e1) de 1\u201d x 3\u201d cerrado interiormente con placa de yeso y un dispositivo especial para la colocaci\u00f3n de ladrillos de 0,15. Con la provisi\u00f3n de los mismos. Detalle de Paredes Divisorias Revestida en placa de yeso (ambos lados). Con estructura de madera semidura de [&hellip;]<\/p>\n","protected":false},"author":2,"featured_media":0,"parent":0,"menu_order":0,"comment_status":"open","ping_status":"closed","template":"","meta":{"footnotes":""},"class_list":["post-375","page","type-page","status-publish","hentry"],"yoast_head":"<!-- This site is optimized with the Yoast SEO plugin v27.4 - https:\/\/yoast.com\/product\/yoast-seo-wordpress\/ -->\n<title>CARACTERISTICAS TECNICAS - Casagold Viviendas Industrializadas<\/title>\n<meta name=\"robots\" content=\"index, follow, max-snippet:-1, max-image-preview:large, max-video-preview:-1\" \/>\n<link rel=\"canonical\" href=\"https:\/\/casagold.com.ar\/casa\/caracteristicas-tecnicas\/\" \/>\n<meta property=\"og:locale\" content=\"es_ES\" \/>\n<meta property=\"og:type\" content=\"article\" \/>\n<meta property=\"og:title\" content=\"CARACTERISTICAS TECNICAS - Casagold Viviendas Industrializadas\" \/>\n<meta property=\"og:description\" content=\"Detalles de Paredes Exteriores Con estructura de madera nacional semidura (PinoParan\u00e1) de 1\u201d x 3\u201d cerrado interiormente con placa de yeso y un dispositivo especial para la colocaci\u00f3n de ladrillos de 0,15. Con la provisi\u00f3n de los mismos. Detalle de Paredes Divisorias Revestida en placa de yeso (ambos lados). Con estructura de madera semidura de [&hellip;]\" \/>\n<meta property=\"og:url\" content=\"https:\/\/casagold.com.ar\/casa\/caracteristicas-tecnicas\/\" \/>\n<meta property=\"og:site_name\" content=\"Casagold Viviendas Industrializadas\" \/>\n<meta property=\"article:publisher\" content=\"https:\/\/www.facebook.com\/profile.php?id=100064773244418\" \/>\n<meta property=\"article:modified_time\" content=\"2026-04-06T13:14:01+00:00\" \/>\n<meta name=\"twitter:card\" content=\"summary_large_image\" \/>\n<meta name=\"twitter:label1\" content=\"Tiempo de lectura\" \/>\n\t<meta name=\"twitter:data1\" content=\"2 minutos\" \/>\n<script type=\"application\/ld+json\" class=\"yoast-schema-graph\">{\"@context\":\"https:\\\/\\\/schema.org\",\"@graph\":[{\"@type\":\"WebPage\",\"@id\":\"https:\\\/\\\/casagold.com.ar\\\/casa\\\/caracteristicas-tecnicas\\\/\",\"url\":\"https:\\\/\\\/casagold.com.ar\\\/casa\\\/caracteristicas-tecnicas\\\/\",\"name\":\"CARACTERISTICAS TECNICAS - Casagold Viviendas Industrializadas\",\"isPartOf\":{\"@id\":\"https:\\\/\\\/casagold.com.ar\\\/casa\\\/#website\"},\"datePublished\":\"2015-08-19T19:35:35+00:00\",\"dateModified\":\"2026-04-06T13:14:01+00:00\",\"breadcrumb\":{\"@id\":\"https:\\\/\\\/casagold.com.ar\\\/casa\\\/caracteristicas-tecnicas\\\/#breadcrumb\"},\"inLanguage\":\"es\",\"potentialAction\":[{\"@type\":\"ReadAction\",\"target\":[\"https:\\\/\\\/casagold.com.ar\\\/casa\\\/caracteristicas-tecnicas\\\/\"]}]},{\"@type\":\"BreadcrumbList\",\"@id\":\"https:\\\/\\\/casagold.com.ar\\\/casa\\\/caracteristicas-tecnicas\\\/#breadcrumb\",\"itemListElement\":[{\"@type\":\"ListItem\",\"position\":1,\"name\":\"Portada\",\"item\":\"https:\\\/\\\/casagold.com.ar\\\/casa\\\/\"},{\"@type\":\"ListItem\",\"position\":2,\"name\":\"CARACTERISTICAS TECNICAS\"}]},{\"@type\":\"WebSite\",\"@id\":\"https:\\\/\\\/casagold.com.ar\\\/casa\\\/#website\",\"url\":\"https:\\\/\\\/casagold.com.ar\\\/casa\\\/\",\"name\":\"casagold.com.ar\",\"description\":\"\",\"publisher\":{\"@id\":\"https:\\\/\\\/casagold.com.ar\\\/casa\\\/#organization\"},\"potentialAction\":[{\"@type\":\"SearchAction\",\"target\":{\"@type\":\"EntryPoint\",\"urlTemplate\":\"https:\\\/\\\/casagold.com.ar\\\/casa\\\/?s={search_term_string}\"},\"query-input\":{\"@type\":\"PropertyValueSpecification\",\"valueRequired\":true,\"valueName\":\"search_term_string\"}}],\"inLanguage\":\"es\"},{\"@type\":\"Organization\",\"@id\":\"https:\\\/\\\/casagold.com.ar\\\/casa\\\/#organization\",\"name\":\"Casa Gold Viviendas Industrializadas\",\"url\":\"https:\\\/\\\/casagold.com.ar\\\/casa\\\/\",\"logo\":{\"@type\":\"ImageObject\",\"inLanguage\":\"es\",\"@id\":\"https:\\\/\\\/casagold.com.ar\\\/casa\\\/#\\\/schema\\\/logo\\\/image\\\/\",\"url\":\"https:\\\/\\\/casagold.com.ar\\\/casa\\\/wp-content\\\/uploads\\\/2025\\\/04\\\/cropped-cropped-logo272x272-1.png\",\"contentUrl\":\"https:\\\/\\\/casagold.com.ar\\\/casa\\\/wp-content\\\/uploads\\\/2025\\\/04\\\/cropped-cropped-logo272x272-1.png\",\"width\":512,\"height\":89,\"caption\":\"Casa Gold Viviendas Industrializadas\"},\"image\":{\"@id\":\"https:\\\/\\\/casagold.com.ar\\\/casa\\\/#\\\/schema\\\/logo\\\/image\\\/\"},\"sameAs\":[\"https:\\\/\\\/www.facebook.com\\\/profile.php?id=100064773244418\"]}]}<\/script>\n<!-- \/ Yoast SEO plugin. -->","yoast_head_json":{"title":"CARACTERISTICAS TECNICAS - Casagold Viviendas Industrializadas","robots":{"index":"index","follow":"follow","max-snippet":"max-snippet:-1","max-image-preview":"max-image-preview:large","max-video-preview":"max-video-preview:-1"},"canonical":"https:\/\/casagold.com.ar\/casa\/caracteristicas-tecnicas\/","og_locale":"es_ES","og_type":"article","og_title":"CARACTERISTICAS TECNICAS - Casagold Viviendas Industrializadas","og_description":"Detalles de Paredes Exteriores Con estructura de madera nacional semidura (PinoParan\u00e1) de 1\u201d x 3\u201d cerrado interiormente con placa de yeso y un dispositivo especial para la colocaci\u00f3n de ladrillos de 0,15. Con la provisi\u00f3n de los mismos. Detalle de Paredes Divisorias Revestida en placa de yeso (ambos lados). Con estructura de madera semidura de [&hellip;]","og_url":"https:\/\/casagold.com.ar\/casa\/caracteristicas-tecnicas\/","og_site_name":"Casagold Viviendas Industrializadas","article_publisher":"https:\/\/www.facebook.com\/profile.php?id=100064773244418","article_modified_time":"2026-04-06T13:14:01+00:00","twitter_card":"summary_large_image","twitter_misc":{"Tiempo de lectura":"2 minutos"},"schema":{"@context":"https:\/\/schema.org","@graph":[{"@type":"WebPage","@id":"https:\/\/casagold.com.ar\/casa\/caracteristicas-tecnicas\/","url":"https:\/\/casagold.com.ar\/casa\/caracteristicas-tecnicas\/","name":"CARACTERISTICAS TECNICAS - Casagold Viviendas Industrializadas","isPartOf":{"@id":"https:\/\/casagold.com.ar\/casa\/#website"},"datePublished":"2015-08-19T19:35:35+00:00","dateModified":"2026-04-06T13:14:01+00:00","breadcrumb":{"@id":"https:\/\/casagold.com.ar\/casa\/caracteristicas-tecnicas\/#breadcrumb"},"inLanguage":"es","potentialAction":[{"@type":"ReadAction","target":["https:\/\/casagold.com.ar\/casa\/caracteristicas-tecnicas\/"]}]},{"@type":"BreadcrumbList","@id":"https:\/\/casagold.com.ar\/casa\/caracteristicas-tecnicas\/#breadcrumb","itemListElement":[{"@type":"ListItem","position":1,"name":"Portada","item":"https:\/\/casagold.com.ar\/casa\/"},{"@type":"ListItem","position":2,"name":"CARACTERISTICAS TECNICAS"}]},{"@type":"WebSite","@id":"https:\/\/casagold.com.ar\/casa\/#website","url":"https:\/\/casagold.com.ar\/casa\/","name":"casagold.com.ar","description":"","publisher":{"@id":"https:\/\/casagold.com.ar\/casa\/#organization"},"potentialAction":[{"@type":"SearchAction","target":{"@type":"EntryPoint","urlTemplate":"https:\/\/casagold.com.ar\/casa\/?s={search_term_string}"},"query-input":{"@type":"PropertyValueSpecification","valueRequired":true,"valueName":"search_term_string"}}],"inLanguage":"es"},{"@type":"Organization","@id":"https:\/\/casagold.com.ar\/casa\/#organization","name":"Casa Gold Viviendas Industrializadas","url":"https:\/\/casagold.com.ar\/casa\/","logo":{"@type":"ImageObject","inLanguage":"es","@id":"https:\/\/casagold.com.ar\/casa\/#\/schema\/logo\/image\/","url":"https:\/\/casagold.com.ar\/casa\/wp-content\/uploads\/2025\/04\/cropped-cropped-logo272x272-1.png","contentUrl":"https:\/\/casagold.com.ar\/casa\/wp-content\/uploads\/2025\/04\/cropped-cropped-logo272x272-1.png","width":512,"height":89,"caption":"Casa Gold Viviendas Industrializadas"},"image":{"@id":"https:\/\/casagold.com.ar\/casa\/#\/schema\/logo\/image\/"},"sameAs":["https:\/\/www.facebook.com\/profile.php?id=100064773244418"]}]}},"_links":{"self":[{"href":"https:\/\/casagold.com.ar\/casa\/wp-json\/wp\/v2\/pages\/375","targetHints":{"allow":["GET"]}}],"collection":[{"href":"https:\/\/casagold.com.ar\/casa\/wp-json\/wp\/v2\/pages"}],"about":[{"href":"https:\/\/casagold.com.ar\/casa\/wp-json\/wp\/v2\/types\/page"}],"author":[{"embeddable":true,"href":"https:\/\/casagold.com.ar\/casa\/wp-json\/wp\/v2\/users\/2"}],"replies":[{"embeddable":true,"href":"https:\/\/casagold.com.ar\/casa\/wp-json\/wp\/v2\/comments?post=375"}],"version-history":[{"count":3,"href":"https:\/\/casagold.com.ar\/casa\/wp-json\/wp\/v2\/pages\/375\/revisions"}],"predecessor-version":[{"id":1157,"href":"https:\/\/casagold.com.ar\/casa\/wp-json\/wp\/v2\/pages\/375\/revisions\/1157"}],"wp:attachment":[{"href":"https:\/\/casagold.com.ar\/casa\/wp-json\/wp\/v2\/media?parent=375"}],"curies":[{"name":"wp","href":"https:\/\/api.w.org\/{rel}","templated":true}]}}