{"id":378,"date":"2015-08-19T19:39:42","date_gmt":"2015-08-19T19:39:42","guid":{"rendered":"https:\/\/casagold.com.ar\/casa\/?page_id=378"},"modified":"2025-05-19T20:15:34","modified_gmt":"2025-05-19T20:15:34","slug":"la-empresa","status":"publish","type":"page","link":"https:\/\/casagold.com.ar\/casa\/la-empresa\/","title":{"rendered":"LA EMPRESA"},"content":{"rendered":"\n<h2 class=\"wp-block-heading has-text-align-center has-black-color has-text-color has-link-color wp-elements-f30b53afb91dcb05bea00d86d1969c91\"><strong>Casa Gold es una revolucionaria empresa con experiencia garantizada en la Construcci\u00f3n de&nbsp;Hogares para todos los argentinos.&nbsp;<\/strong><\/h2>\n\n\n\n<p class=\"has-black-color has-text-color has-link-color wp-elements-25d306eb1a97882d73f9b137a7980c41\">Nos dedicamos al dise\u00f1o y fabricaci\u00f3n de viviendas industrializadas, creadas&nbsp;con materiales de primera calidad, con garant\u00eda de las principales marcas nacionales, m\u00e1s la&nbsp;supervisi\u00f3n constante y personalizada para cada proceso de la obra.<\/p>\n\n\n\n<h3 class=\"wp-block-heading\">Misi\u00f3n<\/h3>\n\n\n\n<p>Ofrecer una vivienda accesible, segura y c\u00e1lida en la que confiar.&nbsp;<\/p>\n\n\n\n<h3 class=\"wp-block-heading\"><br>Visi\u00f3n<\/h3>\n\n\n\n<p>Que cada proyecto se convierta en el hogar so\u00f1ado y que cada habitante de nuestro pa\u00eds alcance&nbsp;su vivienda propia.&nbsp;<\/p>\n\n\n\n<h3 class=\"wp-block-heading\"><br>Valores<\/h3>\n\n\n\n<p>Servir a cada cliente es un gran ejemplo del v\u00ednculo que creamos con cada uno de ellos; por eso&nbsp;trabajamos con honestidad, responsabilidad, seriedad y transparencia para cumplir en cada&nbsp;proyecto.<\/p>\n\n\n\n<h3 class=\"wp-block-heading\">Mart\u00edn Arias<\/h3>\n\n\n\n<p>Con m\u00e1s de 17 a\u00f1os de experiencia en el rubro de la fabricaci\u00f3n y venta de casas industrializadas,hoy concreto este sue\u00f1o, tanto tiempo anhelado: La conducci\u00f3n de mi propia empresa. Mi&nbsp;experiencia me ha posibilitado tener un nombre conocido cuando de construcci\u00f3n se habla, lo&nbsp;que brinda a mis clientes la confianza en este joven proyecto. Habiendo dedicado muchos a\u00f1os&nbsp;de mi vida a trabajar para otras empresas del mercado, hoy inicio la m\u00eda, con el objetivo de&nbsp;cubrir las falencias que ellas han tenido, y que yo he podido ver; cuidando la atenci\u00f3n al cliente,&nbsp;seleccionando los mejores materiales, supervisando cada paso. S\u00e9 qu\u00e9 se debe hacer, c\u00f3mo y&nbsp;cu\u00e1ndo, la experiencia me permite tener un conocimiento completo y, gracias a ello, actuar con&nbsp;seriedad, honestidad y l\u00f3gica. Mis clientes deben saber que la compra de su vivienda,&nbsp;no ser\u00e1 un gasto, sino una INVERSI\u00d3N. Este es s\u00f3lo el comienzo de una gran empresa, en la&nbsp;que deposito todas mis esperanzas y donde las ganas de trabajar sobran&#8230; Conf\u00edo en este&nbsp;proyecto, conozca Casa Gold y conf\u00ede Ud. tambi\u00e9n.<\/p>\n\n\n\n<p>Mart\u00edn Arias.<\/p>\n\n\n\n<p><\/p>\n\n\n\n<p class=\"has-black-color has-text-color has-link-color wp-elements-1d615c1a5e8c06938cb8c51646391b1c\">Actualmente nos encontramos en Dante Alighieri 1719 (2600) Venado Tuerto. Pod\u00e9s mandarnos un whatsapp al siguiente n\u00famero   <a href=\"https:\/\/wa.me\/5493462680116\"><strong>3462680116 <\/strong><\/a>  o contactarnos por el formulario<\/p>\n\n\n\n<p><\/p>\n\n\n\n<p><\/p>\n\n\n\n<figure class=\"wp-block-gallery has-nested-images columns-default is-cropped wp-block-gallery-1 is-layout-flex wp-block-gallery-is-layout-flex\"><\/figure>\n","protected":false},"excerpt":{"rendered":"<p>Casa Gold es una revolucionaria empresa con experiencia garantizada en la Construcci\u00f3n de&nbsp;Hogares para todos los argentinos.&nbsp; Nos dedicamos al dise\u00f1o y fabricaci\u00f3n de viviendas industrializadas, creadas&nbsp;con materiales de primera calidad, con garant\u00eda de las principales marcas nacionales, m\u00e1s la&nbsp;supervisi\u00f3n constante y personalizada para cada proceso de la obra. Misi\u00f3n Ofrecer una vivienda accesible, segura [&hellip;]<\/p>\n","protected":false},"author":2,"featured_media":0,"parent":0,"menu_order":0,"comment_status":"open","ping_status":"closed","template":"","meta":{"footnotes":""},"class_list":["post-378","page","type-page","status-publish","hentry"],"yoast_head":"<!-- This site is optimized with the Yoast SEO plugin v27.4 - https:\/\/yoast.com\/product\/yoast-seo-wordpress\/ -->\n<title>LA EMPRESA - Casagold Viviendas Industrializadas<\/title>\n<meta name=\"robots\" content=\"index, follow, max-snippet:-1, max-image-preview:large, max-video-preview:-1\" \/>\n<link rel=\"canonical\" href=\"https:\/\/casagold.com.ar\/casa\/la-empresa\/\" \/>\n<meta property=\"og:locale\" content=\"es_ES\" \/>\n<meta property=\"og:type\" content=\"article\" \/>\n<meta property=\"og:title\" content=\"LA EMPRESA - Casagold Viviendas Industrializadas\" \/>\n<meta property=\"og:description\" content=\"Casa Gold es una revolucionaria empresa con experiencia garantizada en la Construcci\u00f3n de&nbsp;Hogares para todos los argentinos.&nbsp; Nos dedicamos al dise\u00f1o y fabricaci\u00f3n de viviendas industrializadas, creadas&nbsp;con materiales de primera calidad, con garant\u00eda de las principales marcas nacionales, m\u00e1s la&nbsp;supervisi\u00f3n constante y personalizada para cada proceso de la obra. Misi\u00f3n Ofrecer una vivienda accesible, segura [&hellip;]\" \/>\n<meta property=\"og:url\" content=\"https:\/\/casagold.com.ar\/casa\/la-empresa\/\" \/>\n<meta property=\"og:site_name\" content=\"Casagold Viviendas Industrializadas\" \/>\n<meta property=\"article:publisher\" content=\"https:\/\/www.facebook.com\/profile.php?id=100064773244418\" \/>\n<meta property=\"article:modified_time\" content=\"2025-05-19T20:15:34+00:00\" \/>\n<meta name=\"twitter:card\" content=\"summary_large_image\" \/>\n<meta name=\"twitter:label1\" content=\"Tiempo de lectura\" \/>\n\t<meta name=\"twitter:data1\" content=\"2 minutos\" \/>\n<script type=\"application\/ld+json\" class=\"yoast-schema-graph\">{\"@context\":\"https:\\\/\\\/schema.org\",\"@graph\":[{\"@type\":\"WebPage\",\"@id\":\"https:\\\/\\\/casagold.com.ar\\\/casa\\\/la-empresa\\\/\",\"url\":\"https:\\\/\\\/casagold.com.ar\\\/casa\\\/la-empresa\\\/\",\"name\":\"LA EMPRESA - Casagold Viviendas Industrializadas\",\"isPartOf\":{\"@id\":\"https:\\\/\\\/casagold.com.ar\\\/casa\\\/#website\"},\"datePublished\":\"2015-08-19T19:39:42+00:00\",\"dateModified\":\"2025-05-19T20:15:34+00:00\",\"breadcrumb\":{\"@id\":\"https:\\\/\\\/casagold.com.ar\\\/casa\\\/la-empresa\\\/#breadcrumb\"},\"inLanguage\":\"es\",\"potentialAction\":[{\"@type\":\"ReadAction\",\"target\":[\"https:\\\/\\\/casagold.com.ar\\\/casa\\\/la-empresa\\\/\"]}]},{\"@type\":\"BreadcrumbList\",\"@id\":\"https:\\\/\\\/casagold.com.ar\\\/casa\\\/la-empresa\\\/#breadcrumb\",\"itemListElement\":[{\"@type\":\"ListItem\",\"position\":1,\"name\":\"Portada\",\"item\":\"https:\\\/\\\/casagold.com.ar\\\/casa\\\/\"},{\"@type\":\"ListItem\",\"position\":2,\"name\":\"LA EMPRESA\"}]},{\"@type\":\"WebSite\",\"@id\":\"https:\\\/\\\/casagold.com.ar\\\/casa\\\/#website\",\"url\":\"https:\\\/\\\/casagold.com.ar\\\/casa\\\/\",\"name\":\"casagold.com.ar\",\"description\":\"\",\"publisher\":{\"@id\":\"https:\\\/\\\/casagold.com.ar\\\/casa\\\/#organization\"},\"potentialAction\":[{\"@type\":\"SearchAction\",\"target\":{\"@type\":\"EntryPoint\",\"urlTemplate\":\"https:\\\/\\\/casagold.com.ar\\\/casa\\\/?s={search_term_string}\"},\"query-input\":{\"@type\":\"PropertyValueSpecification\",\"valueRequired\":true,\"valueName\":\"search_term_string\"}}],\"inLanguage\":\"es\"},{\"@type\":\"Organization\",\"@id\":\"https:\\\/\\\/casagold.com.ar\\\/casa\\\/#organization\",\"name\":\"Casa Gold Viviendas Industrializadas\",\"url\":\"https:\\\/\\\/casagold.com.ar\\\/casa\\\/\",\"logo\":{\"@type\":\"ImageObject\",\"inLanguage\":\"es\",\"@id\":\"https:\\\/\\\/casagold.com.ar\\\/casa\\\/#\\\/schema\\\/logo\\\/image\\\/\",\"url\":\"https:\\\/\\\/casagold.com.ar\\\/casa\\\/wp-content\\\/uploads\\\/2025\\\/04\\\/cropped-cropped-logo272x272-1.png\",\"contentUrl\":\"https:\\\/\\\/casagold.com.ar\\\/casa\\\/wp-content\\\/uploads\\\/2025\\\/04\\\/cropped-cropped-logo272x272-1.png\",\"width\":512,\"height\":89,\"caption\":\"Casa Gold Viviendas Industrializadas\"},\"image\":{\"@id\":\"https:\\\/\\\/casagold.com.ar\\\/casa\\\/#\\\/schema\\\/logo\\\/image\\\/\"},\"sameAs\":[\"https:\\\/\\\/www.facebook.com\\\/profile.php?id=100064773244418\"]}]}<\/script>\n<!-- \/ Yoast SEO plugin. -->","yoast_head_json":{"title":"LA EMPRESA - Casagold Viviendas Industrializadas","robots":{"index":"index","follow":"follow","max-snippet":"max-snippet:-1","max-image-preview":"max-image-preview:large","max-video-preview":"max-video-preview:-1"},"canonical":"https:\/\/casagold.com.ar\/casa\/la-empresa\/","og_locale":"es_ES","og_type":"article","og_title":"LA EMPRESA - Casagold Viviendas Industrializadas","og_description":"Casa Gold es una revolucionaria empresa con experiencia garantizada en la Construcci\u00f3n de&nbsp;Hogares para todos los argentinos.&nbsp; Nos dedicamos al dise\u00f1o y fabricaci\u00f3n de viviendas industrializadas, creadas&nbsp;con materiales de primera calidad, con garant\u00eda de las principales marcas nacionales, m\u00e1s la&nbsp;supervisi\u00f3n constante y personalizada para cada proceso de la obra. Misi\u00f3n Ofrecer una vivienda accesible, segura [&hellip;]","og_url":"https:\/\/casagold.com.ar\/casa\/la-empresa\/","og_site_name":"Casagold Viviendas Industrializadas","article_publisher":"https:\/\/www.facebook.com\/profile.php?id=100064773244418","article_modified_time":"2025-05-19T20:15:34+00:00","twitter_card":"summary_large_image","twitter_misc":{"Tiempo de lectura":"2 minutos"},"schema":{"@context":"https:\/\/schema.org","@graph":[{"@type":"WebPage","@id":"https:\/\/casagold.com.ar\/casa\/la-empresa\/","url":"https:\/\/casagold.com.ar\/casa\/la-empresa\/","name":"LA EMPRESA - Casagold Viviendas Industrializadas","isPartOf":{"@id":"https:\/\/casagold.com.ar\/casa\/#website"},"datePublished":"2015-08-19T19:39:42+00:00","dateModified":"2025-05-19T20:15:34+00:00","breadcrumb":{"@id":"https:\/\/casagold.com.ar\/casa\/la-empresa\/#breadcrumb"},"inLanguage":"es","potentialAction":[{"@type":"ReadAction","target":["https:\/\/casagold.com.ar\/casa\/la-empresa\/"]}]},{"@type":"BreadcrumbList","@id":"https:\/\/casagold.com.ar\/casa\/la-empresa\/#breadcrumb","itemListElement":[{"@type":"ListItem","position":1,"name":"Portada","item":"https:\/\/casagold.com.ar\/casa\/"},{"@type":"ListItem","position":2,"name":"LA EMPRESA"}]},{"@type":"WebSite","@id":"https:\/\/casagold.com.ar\/casa\/#website","url":"https:\/\/casagold.com.ar\/casa\/","name":"casagold.com.ar","description":"","publisher":{"@id":"https:\/\/casagold.com.ar\/casa\/#organization"},"potentialAction":[{"@type":"SearchAction","target":{"@type":"EntryPoint","urlTemplate":"https:\/\/casagold.com.ar\/casa\/?s={search_term_string}"},"query-input":{"@type":"PropertyValueSpecification","valueRequired":true,"valueName":"search_term_string"}}],"inLanguage":"es"},{"@type":"Organization","@id":"https:\/\/casagold.com.ar\/casa\/#organization","name":"Casa Gold Viviendas Industrializadas","url":"https:\/\/casagold.com.ar\/casa\/","logo":{"@type":"ImageObject","inLanguage":"es","@id":"https:\/\/casagold.com.ar\/casa\/#\/schema\/logo\/image\/","url":"https:\/\/casagold.com.ar\/casa\/wp-content\/uploads\/2025\/04\/cropped-cropped-logo272x272-1.png","contentUrl":"https:\/\/casagold.com.ar\/casa\/wp-content\/uploads\/2025\/04\/cropped-cropped-logo272x272-1.png","width":512,"height":89,"caption":"Casa Gold Viviendas Industrializadas"},"image":{"@id":"https:\/\/casagold.com.ar\/casa\/#\/schema\/logo\/image\/"},"sameAs":["https:\/\/www.facebook.com\/profile.php?id=100064773244418"]}]}},"_links":{"self":[{"href":"https:\/\/casagold.com.ar\/casa\/wp-json\/wp\/v2\/pages\/378","targetHints":{"allow":["GET"]}}],"collection":[{"href":"https:\/\/casagold.com.ar\/casa\/wp-json\/wp\/v2\/pages"}],"about":[{"href":"https:\/\/casagold.com.ar\/casa\/wp-json\/wp\/v2\/types\/page"}],"author":[{"embeddable":true,"href":"https:\/\/casagold.com.ar\/casa\/wp-json\/wp\/v2\/users\/2"}],"replies":[{"embeddable":true,"href":"https:\/\/casagold.com.ar\/casa\/wp-json\/wp\/v2\/comments?post=378"}],"version-history":[{"count":15,"href":"https:\/\/casagold.com.ar\/casa\/wp-json\/wp\/v2\/pages\/378\/revisions"}],"predecessor-version":[{"id":1060,"href":"https:\/\/casagold.com.ar\/casa\/wp-json\/wp\/v2\/pages\/378\/revisions\/1060"}],"wp:attachment":[{"href":"https:\/\/casagold.com.ar\/casa\/wp-json\/wp\/v2\/media?parent=378"}],"curies":[{"name":"wp","href":"https:\/\/api.w.org\/{rel}","templated":true}]}}