{"id":383,"date":"2015-08-19T20:02:05","date_gmt":"2015-08-19T20:02:05","guid":{"rendered":"https:\/\/casagold.com.ar\/casa\/?page_id=383"},"modified":"2025-06-06T20:50:09","modified_gmt":"2025-06-06T20:50:09","slug":"proceso-de-armado-de-viviendas-industrializadas","status":"publish","type":"page","link":"https:\/\/casagold.com.ar\/casa\/proceso-de-armado-de-viviendas-industrializadas\/","title":{"rendered":"PROCESO DE ARMADO DE VIVIENDAS INDUSTRIALIZADAS"},"content":{"rendered":"\n<h2 class=\"wp-block-heading has-text-align-center\">Una de las tantas ventajas con las que cuenta nuestra construcci\u00f3n&nbsp;es el r\u00e1pido armado de la vivienda.<\/h2>\n\n\n\n<p>El proseso comienza en nuestra fabrica, donde se pre- ensamblan algunos de los componentes, esto facilita y aligera el armado.<\/p>\n\n\n\n<p>Una vez en terreno se comienza con el armado en la platea que debe proveer el cliente, se levantan los paneles que conforman las paredes, se colocan cielo rasos, cajas y ca\u00f1os de luz, cabreadas, chapas, aberturas y aislante. Todo esto dura entre 24 y 72 horas dependiendo del modelo que usted haya elegido.<\/p>\n\n\n\n<p>Finalizando el armado se comienza con el revestimiento exterior en ladrillos, este trabajo lleva aproximadamente 15 d\u00edas, dependiendo mucho del clima, el cliente puede trabajar en forma simultanea en la parte interior colocando los cer\u00e1micos, pintura y detalles de gusto personal.<\/p>\n\n\n\n<p>Por eso elegir una vivienda Casa Gold es la forma m\u00e1s pr\u00e1ctica, r\u00e1pida y accesible de conseguir el sue\u00f1o de la casa propia.<\/p>\n","protected":false},"excerpt":{"rendered":"<p>Una de las tantas ventajas con las que cuenta nuestra construcci\u00f3n&nbsp;es el r\u00e1pido armado de la vivienda. El proseso comienza en nuestra fabrica, donde se pre- ensamblan algunos de los componentes, esto facilita y aligera el armado. Una vez en terreno se comienza con el armado en la platea que debe proveer el cliente, se [&hellip;]<\/p>\n","protected":false},"author":2,"featured_media":0,"parent":0,"menu_order":0,"comment_status":"open","ping_status":"closed","template":"","meta":{"footnotes":""},"class_list":["post-383","page","type-page","status-publish","hentry"],"yoast_head":"<!-- This site is optimized with the Yoast SEO plugin v27.4 - https:\/\/yoast.com\/product\/yoast-seo-wordpress\/ -->\n<title>PROCESO DE ARMADO DE VIVIENDAS INDUSTRIALIZADAS - Casagold Viviendas Industrializadas<\/title>\n<meta name=\"description\" content=\"Este es nuestro proceso de armado Acercate a Casa Gold Viviendas Industrializadas y compr\u00e1 tu vivienda industrializada. Consult\u00e1 modelos y como tener tu casa propia.\" \/>\n<meta name=\"robots\" content=\"index, follow, max-snippet:-1, max-image-preview:large, max-video-preview:-1\" \/>\n<link rel=\"canonical\" href=\"https:\/\/casagold.com.ar\/casa\/proceso-de-armado-de-viviendas-industrializadas\/\" \/>\n<meta property=\"og:locale\" content=\"es_ES\" \/>\n<meta property=\"og:type\" content=\"article\" \/>\n<meta property=\"og:title\" content=\"PROCESO DE ARMADO DE VIVIENDAS INDUSTRIALIZADAS - Casagold Viviendas Industrializadas\" \/>\n<meta property=\"og:description\" content=\"Este es nuestro proceso de armado Acercate a Casa Gold Viviendas Industrializadas y compr\u00e1 tu vivienda industrializada. Consult\u00e1 modelos y como tener tu casa propia.\" \/>\n<meta property=\"og:url\" content=\"https:\/\/casagold.com.ar\/casa\/proceso-de-armado-de-viviendas-industrializadas\/\" \/>\n<meta property=\"og:site_name\" content=\"Casagold Viviendas Industrializadas\" \/>\n<meta property=\"article:publisher\" content=\"https:\/\/www.facebook.com\/profile.php?id=100064773244418\" \/>\n<meta property=\"article:modified_time\" content=\"2025-06-06T20:50:09+00:00\" \/>\n<meta name=\"twitter:card\" content=\"summary_large_image\" \/>\n<meta name=\"twitter:label1\" content=\"Tiempo de lectura\" \/>\n\t<meta name=\"twitter:data1\" content=\"1 minuto\" \/>\n<script type=\"application\/ld+json\" class=\"yoast-schema-graph\">{\"@context\":\"https:\\\/\\\/schema.org\",\"@graph\":[{\"@type\":\"WebPage\",\"@id\":\"https:\\\/\\\/casagold.com.ar\\\/casa\\\/proceso-de-armado-de-viviendas-industrializadas\\\/\",\"url\":\"https:\\\/\\\/casagold.com.ar\\\/casa\\\/proceso-de-armado-de-viviendas-industrializadas\\\/\",\"name\":\"PROCESO DE ARMADO DE VIVIENDAS INDUSTRIALIZADAS - Casagold Viviendas Industrializadas\",\"isPartOf\":{\"@id\":\"https:\\\/\\\/casagold.com.ar\\\/casa\\\/#website\"},\"datePublished\":\"2015-08-19T20:02:05+00:00\",\"dateModified\":\"2025-06-06T20:50:09+00:00\",\"description\":\"Este es nuestro proceso de armado Acercate a Casa Gold Viviendas Industrializadas y compr\u00e1 tu vivienda industrializada. Consult\u00e1 modelos y como tener tu casa propia.\",\"breadcrumb\":{\"@id\":\"https:\\\/\\\/casagold.com.ar\\\/casa\\\/proceso-de-armado-de-viviendas-industrializadas\\\/#breadcrumb\"},\"inLanguage\":\"es\",\"potentialAction\":[{\"@type\":\"ReadAction\",\"target\":[\"https:\\\/\\\/casagold.com.ar\\\/casa\\\/proceso-de-armado-de-viviendas-industrializadas\\\/\"]}]},{\"@type\":\"BreadcrumbList\",\"@id\":\"https:\\\/\\\/casagold.com.ar\\\/casa\\\/proceso-de-armado-de-viviendas-industrializadas\\\/#breadcrumb\",\"itemListElement\":[{\"@type\":\"ListItem\",\"position\":1,\"name\":\"Portada\",\"item\":\"https:\\\/\\\/casagold.com.ar\\\/casa\\\/\"},{\"@type\":\"ListItem\",\"position\":2,\"name\":\"PROCESO DE ARMADO DE VIVIENDAS INDUSTRIALIZADAS\"}]},{\"@type\":\"WebSite\",\"@id\":\"https:\\\/\\\/casagold.com.ar\\\/casa\\\/#website\",\"url\":\"https:\\\/\\\/casagold.com.ar\\\/casa\\\/\",\"name\":\"casagold.com.ar\",\"description\":\"\",\"publisher\":{\"@id\":\"https:\\\/\\\/casagold.com.ar\\\/casa\\\/#organization\"},\"potentialAction\":[{\"@type\":\"SearchAction\",\"target\":{\"@type\":\"EntryPoint\",\"urlTemplate\":\"https:\\\/\\\/casagold.com.ar\\\/casa\\\/?s={search_term_string}\"},\"query-input\":{\"@type\":\"PropertyValueSpecification\",\"valueRequired\":true,\"valueName\":\"search_term_string\"}}],\"inLanguage\":\"es\"},{\"@type\":\"Organization\",\"@id\":\"https:\\\/\\\/casagold.com.ar\\\/casa\\\/#organization\",\"name\":\"Casa Gold Viviendas Industrializadas\",\"url\":\"https:\\\/\\\/casagold.com.ar\\\/casa\\\/\",\"logo\":{\"@type\":\"ImageObject\",\"inLanguage\":\"es\",\"@id\":\"https:\\\/\\\/casagold.com.ar\\\/casa\\\/#\\\/schema\\\/logo\\\/image\\\/\",\"url\":\"https:\\\/\\\/casagold.com.ar\\\/casa\\\/wp-content\\\/uploads\\\/2025\\\/04\\\/cropped-cropped-logo272x272-1.png\",\"contentUrl\":\"https:\\\/\\\/casagold.com.ar\\\/casa\\\/wp-content\\\/uploads\\\/2025\\\/04\\\/cropped-cropped-logo272x272-1.png\",\"width\":512,\"height\":89,\"caption\":\"Casa Gold Viviendas Industrializadas\"},\"image\":{\"@id\":\"https:\\\/\\\/casagold.com.ar\\\/casa\\\/#\\\/schema\\\/logo\\\/image\\\/\"},\"sameAs\":[\"https:\\\/\\\/www.facebook.com\\\/profile.php?id=100064773244418\"]}]}<\/script>\n<!-- \/ Yoast SEO plugin. -->","yoast_head_json":{"title":"PROCESO DE ARMADO DE VIVIENDAS INDUSTRIALIZADAS - Casagold Viviendas Industrializadas","description":"Este es nuestro proceso de armado Acercate a Casa Gold Viviendas Industrializadas y compr\u00e1 tu vivienda industrializada. Consult\u00e1 modelos y como tener tu casa propia.","robots":{"index":"index","follow":"follow","max-snippet":"max-snippet:-1","max-image-preview":"max-image-preview:large","max-video-preview":"max-video-preview:-1"},"canonical":"https:\/\/casagold.com.ar\/casa\/proceso-de-armado-de-viviendas-industrializadas\/","og_locale":"es_ES","og_type":"article","og_title":"PROCESO DE ARMADO DE VIVIENDAS INDUSTRIALIZADAS - Casagold Viviendas Industrializadas","og_description":"Este es nuestro proceso de armado Acercate a Casa Gold Viviendas Industrializadas y compr\u00e1 tu vivienda industrializada. Consult\u00e1 modelos y como tener tu casa propia.","og_url":"https:\/\/casagold.com.ar\/casa\/proceso-de-armado-de-viviendas-industrializadas\/","og_site_name":"Casagold Viviendas Industrializadas","article_publisher":"https:\/\/www.facebook.com\/profile.php?id=100064773244418","article_modified_time":"2025-06-06T20:50:09+00:00","twitter_card":"summary_large_image","twitter_misc":{"Tiempo de lectura":"1 minuto"},"schema":{"@context":"https:\/\/schema.org","@graph":[{"@type":"WebPage","@id":"https:\/\/casagold.com.ar\/casa\/proceso-de-armado-de-viviendas-industrializadas\/","url":"https:\/\/casagold.com.ar\/casa\/proceso-de-armado-de-viviendas-industrializadas\/","name":"PROCESO DE ARMADO DE VIVIENDAS INDUSTRIALIZADAS - Casagold Viviendas Industrializadas","isPartOf":{"@id":"https:\/\/casagold.com.ar\/casa\/#website"},"datePublished":"2015-08-19T20:02:05+00:00","dateModified":"2025-06-06T20:50:09+00:00","description":"Este es nuestro proceso de armado Acercate a Casa Gold Viviendas Industrializadas y compr\u00e1 tu vivienda industrializada. Consult\u00e1 modelos y como tener tu casa propia.","breadcrumb":{"@id":"https:\/\/casagold.com.ar\/casa\/proceso-de-armado-de-viviendas-industrializadas\/#breadcrumb"},"inLanguage":"es","potentialAction":[{"@type":"ReadAction","target":["https:\/\/casagold.com.ar\/casa\/proceso-de-armado-de-viviendas-industrializadas\/"]}]},{"@type":"BreadcrumbList","@id":"https:\/\/casagold.com.ar\/casa\/proceso-de-armado-de-viviendas-industrializadas\/#breadcrumb","itemListElement":[{"@type":"ListItem","position":1,"name":"Portada","item":"https:\/\/casagold.com.ar\/casa\/"},{"@type":"ListItem","position":2,"name":"PROCESO DE ARMADO DE VIVIENDAS INDUSTRIALIZADAS"}]},{"@type":"WebSite","@id":"https:\/\/casagold.com.ar\/casa\/#website","url":"https:\/\/casagold.com.ar\/casa\/","name":"casagold.com.ar","description":"","publisher":{"@id":"https:\/\/casagold.com.ar\/casa\/#organization"},"potentialAction":[{"@type":"SearchAction","target":{"@type":"EntryPoint","urlTemplate":"https:\/\/casagold.com.ar\/casa\/?s={search_term_string}"},"query-input":{"@type":"PropertyValueSpecification","valueRequired":true,"valueName":"search_term_string"}}],"inLanguage":"es"},{"@type":"Organization","@id":"https:\/\/casagold.com.ar\/casa\/#organization","name":"Casa Gold Viviendas Industrializadas","url":"https:\/\/casagold.com.ar\/casa\/","logo":{"@type":"ImageObject","inLanguage":"es","@id":"https:\/\/casagold.com.ar\/casa\/#\/schema\/logo\/image\/","url":"https:\/\/casagold.com.ar\/casa\/wp-content\/uploads\/2025\/04\/cropped-cropped-logo272x272-1.png","contentUrl":"https:\/\/casagold.com.ar\/casa\/wp-content\/uploads\/2025\/04\/cropped-cropped-logo272x272-1.png","width":512,"height":89,"caption":"Casa Gold Viviendas Industrializadas"},"image":{"@id":"https:\/\/casagold.com.ar\/casa\/#\/schema\/logo\/image\/"},"sameAs":["https:\/\/www.facebook.com\/profile.php?id=100064773244418"]}]}},"_links":{"self":[{"href":"https:\/\/casagold.com.ar\/casa\/wp-json\/wp\/v2\/pages\/383","targetHints":{"allow":["GET"]}}],"collection":[{"href":"https:\/\/casagold.com.ar\/casa\/wp-json\/wp\/v2\/pages"}],"about":[{"href":"https:\/\/casagold.com.ar\/casa\/wp-json\/wp\/v2\/types\/page"}],"author":[{"embeddable":true,"href":"https:\/\/casagold.com.ar\/casa\/wp-json\/wp\/v2\/users\/2"}],"replies":[{"embeddable":true,"href":"https:\/\/casagold.com.ar\/casa\/wp-json\/wp\/v2\/comments?post=383"}],"version-history":[{"count":8,"href":"https:\/\/casagold.com.ar\/casa\/wp-json\/wp\/v2\/pages\/383\/revisions"}],"predecessor-version":[{"id":1075,"href":"https:\/\/casagold.com.ar\/casa\/wp-json\/wp\/v2\/pages\/383\/revisions\/1075"}],"wp:attachment":[{"href":"https:\/\/casagold.com.ar\/casa\/wp-json\/wp\/v2\/media?parent=383"}],"curies":[{"name":"wp","href":"https:\/\/api.w.org\/{rel}","templated":true}]}}