{"id":386,"date":"2015-08-19T20:19:04","date_gmt":"2015-08-19T20:19:04","guid":{"rendered":"https:\/\/casagold.com.ar\/casa\/?page_id=386"},"modified":"2025-05-08T15:25:08","modified_gmt":"2025-05-08T15:25:08","slug":"pagos","status":"publish","type":"page","link":"https:\/\/casagold.com.ar\/casa\/pagos\/","title":{"rendered":"PAGOS"},"content":{"rendered":"\n<p><strong>1. \u00bfCu\u00e1les son las formas de pago?<\/strong><\/p>\n\n\n\n<p>Casa Gold ofrece diferentes opciones de pago con el fin de que sus clientes opten por la que se ajuste a sus preferencias y necesidades:<\/p>\n\n\n\n<p>1.&nbsp;&nbsp; &nbsp;Contado<br>2.&nbsp;&nbsp; &nbsp;Anticipo con m\u00ednimos requisitos y cuotas fijas<br>3.&nbsp;&nbsp; &nbsp;Totalmente financiada<\/p>\n\n\n\n<p>2. \u00bfCu\u00e1l es el CBU de Viviendas Casa Gold?<\/p>\n\n\n\n<p><strong>Banco Macro<\/strong><\/p>\n\n\n\n<figure class=\"wp-block-image\"><a href=\"https:\/\/casagold.com.ar\/casa\/wp-content\/uploads\/2015\/08\/macro-logo.jpg\"><img loading=\"lazy\" decoding=\"async\" width=\"167\" height=\"70\" src=\"https:\/\/casagold.com.ar\/casa\/wp-content\/uploads\/2015\/08\/macro-logo.jpg\" alt=\"macro-logo\" class=\"wp-image-889\"\/><\/a><\/figure>\n\n\n\n<p><\/p>\n\n\n\n<ul class=\"wp-block-list\">\n<li class=\"has-contrast-color has-text-color has-link-color wp-elements-aec4c83c016af8a570a630eb5776c3ca\"><strong>Lugar: Venado Tuerto<\/strong><\/li>\n\n\n\n<li class=\"has-contrast-color has-text-color has-link-color wp-elements-198dcacda7057acc9ea79e15e073ec13\"><strong>Sucursal: 345<\/strong><\/li>\n\n\n\n<li class=\"has-contrast-color has-text-color has-link-color wp-elements-a113a8dbda6643613fb80afc4ecfd6b7\"><strong>Tipo Cuenta: Corriente<\/strong><\/li>\n\n\n\n<li class=\"has-contrast-color has-text-color has-link-color wp-elements-0dbe1b1b1a59ca9f890b3744808fbe0e\"><strong>Cuenta N\u00ba: 334509416208880<\/strong><\/li>\n\n\n\n<li class=\"has-contrast-color has-text-color has-link-color wp-elements-7da760e0a3ba376b3bef50575408e8a8\"><strong>CBU N\u00ba: 2850345330094162088801<\/strong><\/li>\n\n\n\n<li class=\"has-contrast-color has-text-color has-link-color wp-elements-f75976e02dc9e5d2820a5d06216b4eb1\"><strong>CUIT N\u00ba: 30-71252478-9<\/strong><\/li>\n\n\n\n<li class=\"has-contrast-color has-text-color has-link-color wp-elements-2b0009571e9e3ad86e7b6aac3d9d5042\"><strong>RAZON SOCIAL: Constru Vama S.R.L.<\/strong><\/li>\n<\/ul>\n\n\n\n<p>&nbsp;<\/p>\n\n\n\n<ul class=\"wp-block-list\">\n<li class=\"has-contrast-color has-text-color has-link-color wp-elements-aec4c83c016af8a570a630eb5776c3ca\"><strong>Lugar: Venado Tuerto<\/strong><\/li>\n\n\n\n<li class=\"has-contrast-color has-text-color has-link-color wp-elements-198dcacda7057acc9ea79e15e073ec13\"><strong>Sucursal: 345<\/strong><\/li>\n\n\n\n<li class=\"has-contrast-color has-text-color has-link-color wp-elements-a113a8dbda6643613fb80afc4ecfd6b7\"><strong>Tipo Cuenta: Corriente<\/strong><\/li>\n\n\n\n<li class=\"has-contrast-color has-text-color has-link-color wp-elements-b2c10d599581ec3f67cb81f530bcb2d0\"><strong>Cuenta N\u00ba: 334509409460691<\/strong><\/li>\n\n\n\n<li class=\"has-contrast-color has-text-color has-link-color wp-elements-8880c4b5a2c5906cc2fdf8f64f32f582\"><strong>CBU N\u00ba: 2850345330094094606911<\/strong><\/li>\n\n\n\n<li class=\"has-contrast-color has-text-color has-link-color wp-elements-f75976e02dc9e5d2820a5d06216b4eb1\"><strong>CUIT N\u00ba: 30-71252478-9<\/strong><\/li>\n\n\n\n<li class=\"has-contrast-color has-text-color has-link-color wp-elements-2b0009571e9e3ad86e7b6aac3d9d5042\"><strong>RAZON SOCIAL: Constru Vama S.R.L.<\/strong><\/li>\n<\/ul>\n\n\n\n<p>3. \u00bfEl ticket cuenta como recibo?<br>Exactamente, el ticket cuenta como recibo.<\/p>\n\n\n\n<p>4. \u00bfAceptan veh\u00edculos como forma de pago?<br>S\u00f3lo en algunos casos.<\/p>\n\n\n\n<p>5. \u00bfLos precios var\u00edan si el plano es est\u00e1ndar o personalizado?<br>Los precios&nbsp;var\u00edan a medida que el cliente&nbsp;sume o reste metros.<\/p>\n\n\n\n<p>6. \u00bfCu\u00e1nto es el monto necesario para Congelar el precio?<br>El monto necesario para congelar una vivienda lo dejamos a criterio del cliente.<\/p>\n\n\n\n<p>7. \u00bfCuanto es el tiempo de demora de la construccion de la vivienda?<br>El tiempo de la demora de la entrega de la vivienda es de 25 a&nbsp;45 d\u00edas, una vez que el cliente haya completado el anticipo.<\/p>\n\n\n\n<p>8. \u00bfSe pueden realizar reformas al planos?<br>S\u00ed,&nbsp;el cliente puede reformar el plano &nbsp;de&nbsp;acuerdo a sus gustos&nbsp;y necesidades ya sea por cuestiones estructurales o est\u00e9ticas.<\/p>\n\n\n\n<p>9. \u00bfSe pueden hacer convenios de pago?<br>S\u00ed, se pueden aceptar convenios de pago como:&nbsp;pagar el anticipo en cuotas, pagar las cuotas en plan cosecha o abonar en contados diferidos<\/p>\n\n\n\n<p>10. \u00bfSe necesita&nbsp;alg\u00fan tipo de garant\u00eda?<br>En caso de optar &nbsp;por alg\u00fan plan con financiaci\u00f3n se requiere una m\u00ednima garant\u00eda, pero se solicitar\u00e1&nbsp;solamente en el momento de la entrega de la vivienda<\/p>\n\n\n\n<p><\/p>\n","protected":false},"excerpt":{"rendered":"<p>1. \u00bfCu\u00e1les son las formas de pago? Casa Gold ofrece diferentes opciones de pago con el fin de que sus clientes opten por la que se ajuste a sus preferencias y necesidades: 1.&nbsp;&nbsp; &nbsp;Contado2.&nbsp;&nbsp; &nbsp;Anticipo con m\u00ednimos requisitos y cuotas fijas3.&nbsp;&nbsp; &nbsp;Totalmente financiada 2. \u00bfCu\u00e1l es el CBU de Viviendas Casa Gold? Banco Macro &nbsp; [&hellip;]<\/p>\n","protected":false},"author":2,"featured_media":0,"parent":0,"menu_order":0,"comment_status":"open","ping_status":"closed","template":"","meta":{"footnotes":""},"class_list":["post-386","page","type-page","status-publish","hentry"],"yoast_head":"<!-- This site is optimized with the Yoast SEO plugin v27.4 - https:\/\/yoast.com\/product\/yoast-seo-wordpress\/ -->\n<title>PAGOS - Casagold Viviendas Industrializadas<\/title>\n<meta name=\"robots\" content=\"index, follow, max-snippet:-1, max-image-preview:large, max-video-preview:-1\" \/>\n<link rel=\"canonical\" href=\"https:\/\/casagold.com.ar\/casa\/pagos\/\" \/>\n<meta property=\"og:locale\" content=\"es_ES\" \/>\n<meta property=\"og:type\" content=\"article\" \/>\n<meta property=\"og:title\" content=\"PAGOS - Casagold Viviendas Industrializadas\" \/>\n<meta property=\"og:description\" content=\"1. \u00bfCu\u00e1les son las formas de pago? Casa Gold ofrece diferentes opciones de pago con el fin de que sus clientes opten por la que se ajuste a sus preferencias y necesidades: 1.&nbsp;&nbsp; &nbsp;Contado2.&nbsp;&nbsp; &nbsp;Anticipo con m\u00ednimos requisitos y cuotas fijas3.&nbsp;&nbsp; &nbsp;Totalmente financiada 2. \u00bfCu\u00e1l es el CBU de Viviendas Casa Gold? Banco Macro &nbsp; [&hellip;]\" \/>\n<meta property=\"og:url\" content=\"https:\/\/casagold.com.ar\/casa\/pagos\/\" \/>\n<meta property=\"og:site_name\" content=\"Casagold Viviendas Industrializadas\" \/>\n<meta property=\"article:publisher\" content=\"https:\/\/www.facebook.com\/profile.php?id=100064773244418\" \/>\n<meta property=\"article:modified_time\" content=\"2025-05-08T15:25:08+00:00\" \/>\n<meta property=\"og:image\" content=\"https:\/\/casagold.com.ar\/casa\/wp-content\/uploads\/2015\/08\/macro-logo.jpg\" \/>\n\t<meta property=\"og:image:width\" content=\"167\" \/>\n\t<meta property=\"og:image:height\" content=\"70\" \/>\n\t<meta property=\"og:image:type\" content=\"image\/jpeg\" \/>\n<meta name=\"twitter:card\" content=\"summary_large_image\" \/>\n<meta name=\"twitter:label1\" content=\"Tiempo de lectura\" \/>\n\t<meta name=\"twitter:data1\" content=\"2 minutos\" \/>\n<script type=\"application\/ld+json\" class=\"yoast-schema-graph\">{\"@context\":\"https:\\\/\\\/schema.org\",\"@graph\":[{\"@type\":\"WebPage\",\"@id\":\"https:\\\/\\\/casagold.com.ar\\\/casa\\\/pagos\\\/\",\"url\":\"https:\\\/\\\/casagold.com.ar\\\/casa\\\/pagos\\\/\",\"name\":\"PAGOS - Casagold Viviendas Industrializadas\",\"isPartOf\":{\"@id\":\"https:\\\/\\\/casagold.com.ar\\\/casa\\\/#website\"},\"primaryImageOfPage\":{\"@id\":\"https:\\\/\\\/casagold.com.ar\\\/casa\\\/pagos\\\/#primaryimage\"},\"image\":{\"@id\":\"https:\\\/\\\/casagold.com.ar\\\/casa\\\/pagos\\\/#primaryimage\"},\"thumbnailUrl\":\"https:\\\/\\\/casagold.com.ar\\\/casa\\\/wp-content\\\/uploads\\\/2015\\\/08\\\/macro-logo.jpg\",\"datePublished\":\"2015-08-19T20:19:04+00:00\",\"dateModified\":\"2025-05-08T15:25:08+00:00\",\"breadcrumb\":{\"@id\":\"https:\\\/\\\/casagold.com.ar\\\/casa\\\/pagos\\\/#breadcrumb\"},\"inLanguage\":\"es\",\"potentialAction\":[{\"@type\":\"ReadAction\",\"target\":[\"https:\\\/\\\/casagold.com.ar\\\/casa\\\/pagos\\\/\"]}]},{\"@type\":\"ImageObject\",\"inLanguage\":\"es\",\"@id\":\"https:\\\/\\\/casagold.com.ar\\\/casa\\\/pagos\\\/#primaryimage\",\"url\":\"https:\\\/\\\/casagold.com.ar\\\/casa\\\/wp-content\\\/uploads\\\/2015\\\/08\\\/macro-logo.jpg\",\"contentUrl\":\"https:\\\/\\\/casagold.com.ar\\\/casa\\\/wp-content\\\/uploads\\\/2015\\\/08\\\/macro-logo.jpg\"},{\"@type\":\"BreadcrumbList\",\"@id\":\"https:\\\/\\\/casagold.com.ar\\\/casa\\\/pagos\\\/#breadcrumb\",\"itemListElement\":[{\"@type\":\"ListItem\",\"position\":1,\"name\":\"Portada\",\"item\":\"https:\\\/\\\/casagold.com.ar\\\/casa\\\/\"},{\"@type\":\"ListItem\",\"position\":2,\"name\":\"PAGOS\"}]},{\"@type\":\"WebSite\",\"@id\":\"https:\\\/\\\/casagold.com.ar\\\/casa\\\/#website\",\"url\":\"https:\\\/\\\/casagold.com.ar\\\/casa\\\/\",\"name\":\"casagold.com.ar\",\"description\":\"\",\"publisher\":{\"@id\":\"https:\\\/\\\/casagold.com.ar\\\/casa\\\/#organization\"},\"potentialAction\":[{\"@type\":\"SearchAction\",\"target\":{\"@type\":\"EntryPoint\",\"urlTemplate\":\"https:\\\/\\\/casagold.com.ar\\\/casa\\\/?s={search_term_string}\"},\"query-input\":{\"@type\":\"PropertyValueSpecification\",\"valueRequired\":true,\"valueName\":\"search_term_string\"}}],\"inLanguage\":\"es\"},{\"@type\":\"Organization\",\"@id\":\"https:\\\/\\\/casagold.com.ar\\\/casa\\\/#organization\",\"name\":\"Casa Gold Viviendas Industrializadas\",\"url\":\"https:\\\/\\\/casagold.com.ar\\\/casa\\\/\",\"logo\":{\"@type\":\"ImageObject\",\"inLanguage\":\"es\",\"@id\":\"https:\\\/\\\/casagold.com.ar\\\/casa\\\/#\\\/schema\\\/logo\\\/image\\\/\",\"url\":\"https:\\\/\\\/casagold.com.ar\\\/casa\\\/wp-content\\\/uploads\\\/2025\\\/04\\\/cropped-cropped-logo272x272-1.png\",\"contentUrl\":\"https:\\\/\\\/casagold.com.ar\\\/casa\\\/wp-content\\\/uploads\\\/2025\\\/04\\\/cropped-cropped-logo272x272-1.png\",\"width\":512,\"height\":89,\"caption\":\"Casa Gold Viviendas Industrializadas\"},\"image\":{\"@id\":\"https:\\\/\\\/casagold.com.ar\\\/casa\\\/#\\\/schema\\\/logo\\\/image\\\/\"},\"sameAs\":[\"https:\\\/\\\/www.facebook.com\\\/profile.php?id=100064773244418\"]}]}<\/script>\n<!-- \/ Yoast SEO plugin. -->","yoast_head_json":{"title":"PAGOS - Casagold Viviendas Industrializadas","robots":{"index":"index","follow":"follow","max-snippet":"max-snippet:-1","max-image-preview":"max-image-preview:large","max-video-preview":"max-video-preview:-1"},"canonical":"https:\/\/casagold.com.ar\/casa\/pagos\/","og_locale":"es_ES","og_type":"article","og_title":"PAGOS - Casagold Viviendas Industrializadas","og_description":"1. \u00bfCu\u00e1les son las formas de pago? Casa Gold ofrece diferentes opciones de pago con el fin de que sus clientes opten por la que se ajuste a sus preferencias y necesidades: 1.&nbsp;&nbsp; &nbsp;Contado2.&nbsp;&nbsp; &nbsp;Anticipo con m\u00ednimos requisitos y cuotas fijas3.&nbsp;&nbsp; &nbsp;Totalmente financiada 2. \u00bfCu\u00e1l es el CBU de Viviendas Casa Gold? Banco Macro &nbsp; [&hellip;]","og_url":"https:\/\/casagold.com.ar\/casa\/pagos\/","og_site_name":"Casagold Viviendas Industrializadas","article_publisher":"https:\/\/www.facebook.com\/profile.php?id=100064773244418","article_modified_time":"2025-05-08T15:25:08+00:00","og_image":[{"width":167,"height":70,"url":"https:\/\/casagold.com.ar\/casa\/wp-content\/uploads\/2015\/08\/macro-logo.jpg","type":"image\/jpeg"}],"twitter_card":"summary_large_image","twitter_misc":{"Tiempo de lectura":"2 minutos"},"schema":{"@context":"https:\/\/schema.org","@graph":[{"@type":"WebPage","@id":"https:\/\/casagold.com.ar\/casa\/pagos\/","url":"https:\/\/casagold.com.ar\/casa\/pagos\/","name":"PAGOS - Casagold Viviendas Industrializadas","isPartOf":{"@id":"https:\/\/casagold.com.ar\/casa\/#website"},"primaryImageOfPage":{"@id":"https:\/\/casagold.com.ar\/casa\/pagos\/#primaryimage"},"image":{"@id":"https:\/\/casagold.com.ar\/casa\/pagos\/#primaryimage"},"thumbnailUrl":"https:\/\/casagold.com.ar\/casa\/wp-content\/uploads\/2015\/08\/macro-logo.jpg","datePublished":"2015-08-19T20:19:04+00:00","dateModified":"2025-05-08T15:25:08+00:00","breadcrumb":{"@id":"https:\/\/casagold.com.ar\/casa\/pagos\/#breadcrumb"},"inLanguage":"es","potentialAction":[{"@type":"ReadAction","target":["https:\/\/casagold.com.ar\/casa\/pagos\/"]}]},{"@type":"ImageObject","inLanguage":"es","@id":"https:\/\/casagold.com.ar\/casa\/pagos\/#primaryimage","url":"https:\/\/casagold.com.ar\/casa\/wp-content\/uploads\/2015\/08\/macro-logo.jpg","contentUrl":"https:\/\/casagold.com.ar\/casa\/wp-content\/uploads\/2015\/08\/macro-logo.jpg"},{"@type":"BreadcrumbList","@id":"https:\/\/casagold.com.ar\/casa\/pagos\/#breadcrumb","itemListElement":[{"@type":"ListItem","position":1,"name":"Portada","item":"https:\/\/casagold.com.ar\/casa\/"},{"@type":"ListItem","position":2,"name":"PAGOS"}]},{"@type":"WebSite","@id":"https:\/\/casagold.com.ar\/casa\/#website","url":"https:\/\/casagold.com.ar\/casa\/","name":"casagold.com.ar","description":"","publisher":{"@id":"https:\/\/casagold.com.ar\/casa\/#organization"},"potentialAction":[{"@type":"SearchAction","target":{"@type":"EntryPoint","urlTemplate":"https:\/\/casagold.com.ar\/casa\/?s={search_term_string}"},"query-input":{"@type":"PropertyValueSpecification","valueRequired":true,"valueName":"search_term_string"}}],"inLanguage":"es"},{"@type":"Organization","@id":"https:\/\/casagold.com.ar\/casa\/#organization","name":"Casa Gold Viviendas Industrializadas","url":"https:\/\/casagold.com.ar\/casa\/","logo":{"@type":"ImageObject","inLanguage":"es","@id":"https:\/\/casagold.com.ar\/casa\/#\/schema\/logo\/image\/","url":"https:\/\/casagold.com.ar\/casa\/wp-content\/uploads\/2025\/04\/cropped-cropped-logo272x272-1.png","contentUrl":"https:\/\/casagold.com.ar\/casa\/wp-content\/uploads\/2025\/04\/cropped-cropped-logo272x272-1.png","width":512,"height":89,"caption":"Casa Gold Viviendas Industrializadas"},"image":{"@id":"https:\/\/casagold.com.ar\/casa\/#\/schema\/logo\/image\/"},"sameAs":["https:\/\/www.facebook.com\/profile.php?id=100064773244418"]}]}},"_links":{"self":[{"href":"https:\/\/casagold.com.ar\/casa\/wp-json\/wp\/v2\/pages\/386","targetHints":{"allow":["GET"]}}],"collection":[{"href":"https:\/\/casagold.com.ar\/casa\/wp-json\/wp\/v2\/pages"}],"about":[{"href":"https:\/\/casagold.com.ar\/casa\/wp-json\/wp\/v2\/types\/page"}],"author":[{"embeddable":true,"href":"https:\/\/casagold.com.ar\/casa\/wp-json\/wp\/v2\/users\/2"}],"replies":[{"embeddable":true,"href":"https:\/\/casagold.com.ar\/casa\/wp-json\/wp\/v2\/comments?post=386"}],"version-history":[{"count":7,"href":"https:\/\/casagold.com.ar\/casa\/wp-json\/wp\/v2\/pages\/386\/revisions"}],"predecessor-version":[{"id":997,"href":"https:\/\/casagold.com.ar\/casa\/wp-json\/wp\/v2\/pages\/386\/revisions\/997"}],"wp:attachment":[{"href":"https:\/\/casagold.com.ar\/casa\/wp-json\/wp\/v2\/media?parent=386"}],"curies":[{"name":"wp","href":"https:\/\/api.w.org\/{rel}","templated":true}]}}